{"id":2329,"date":"2015-04-17T15:36:32","date_gmt":"2015-04-17T19:36:32","guid":{"rendered":"http:\/\/emisoradominicana.net\/teve\/?page_id=2329"},"modified":"2015-08-26T19:47:54","modified_gmt":"2015-08-26T23:47:54","slug":"nacionales","status":"publish","type":"page","link":"https:\/\/emisoradominicana.net\/television\/nacionales\/","title":{"rendered":"Nacionales"},"content":{"rendered":"<div class=\"vc_row wpb_row vc_row-fluid\">\n\t<div class=\"vc_col-sm-12 wpb_column vc_column_container\">\n\t\t<div class=\"wpb_wrapper\">\n\t\t\t<div class=\"vc_separator wpb_content_element vc_separator_align_center vc_el_width_100 vc_sep_color_grey\">\n\t<span class=\"vc_sep_holder vc_sep_holder_l\"><span class=\"vc_sep_line\"><\/span><\/span>\n\t<h4>Destacados<\/h4>\t<span class=\"vc_sep_holder vc_sep_holder_r\"><span class=\"vc_sep_line\"><\/span><\/span>\n<\/div>\n\n\t\t\t\t\t<div class=\"row columns-3 video-section meta-maxwidth-230 \"> \n\t\t\t\t\t\t\t\t\t\t\t\t\t<div class=\"col-sm-4 col-xs-6 item post\">\n\t\t\t\t\t\t\t\t<div class=\"item-img\">\n\t\t\t\t\t\t\t\t\t<a title=\"Color Vision Canal 9\" href=\"https:\/\/emisoradominicana.net\/television\/color-vision-canal-9\/\"><img width=\"640\" height=\"360\" src=\"https:\/\/emisoradominicana.net\/television\/wp-content\/uploads\/2015\/04\/color-vision-9.jpg\" class=\"img-responsive wp-post-image\" alt=\"\" loading=\"lazy\" srcset=\"https:\/\/emisoradominicana.net\/television\/wp-content\/uploads\/2015\/04\/color-vision-9.jpg 640w, https:\/\/emisoradominicana.net\/television\/wp-content\/uploads\/2015\/04\/color-vision-9-300x169.jpg 300w\" sizes=\"(max-width: 640px) 100vw, 640px\" \/><\/a>\t\t\t\t\t\t\t\t\t<a href=\"https:\/\/emisoradominicana.net\/television\/color-vision-canal-9\/\"><div class=\"img-hover\"><\/div><\/a>\n\t\t\t\t\t\t\t\t<\/div>\n\t\t\t\t\t\t\t<h3><a href=\"https:\/\/emisoradominicana.net\/television\/color-vision-canal-9\/\">Color Vision Canal 9<\/a><\/h3>\n\t\t\t<div class=\"meta\">\n\t\t\t\t<span class=\"views\"><i class=\"fa fa-eye\"><\/i>1990483<\/span>\n\t\t\t<\/div>\n\t\t\t\t\t\t\t\t\t<\/div>\n\t\t\t\t\t\t\t\t\t\t\t\t\t<div class=\"col-sm-4 col-xs-6 item post\">\n\t\t\t\t\t\t\t\t<div class=\"item-img\">\n\t\t\t\t\t\t\t\t\t<a title=\"Telesistema Canal 11\" href=\"https:\/\/emisoradominicana.net\/television\/telesistema-canal-11\/\"><img width=\"640\" height=\"360\" src=\"https:\/\/emisoradominicana.net\/television\/wp-content\/uploads\/2015\/04\/telesistema-canal11.jpg\" class=\"img-responsive wp-post-image\" alt=\"\" loading=\"lazy\" srcset=\"https:\/\/emisoradominicana.net\/television\/wp-content\/uploads\/2015\/04\/telesistema-canal11.jpg 640w, https:\/\/emisoradominicana.net\/television\/wp-content\/uploads\/2015\/04\/telesistema-canal11-300x169.jpg 300w\" sizes=\"(max-width: 640px) 100vw, 640px\" \/><\/a>\t\t\t\t\t\t\t\t\t<a href=\"https:\/\/emisoradominicana.net\/television\/telesistema-canal-11\/\"><div class=\"img-hover\"><\/div><\/a>\n\t\t\t\t\t\t\t\t<\/div>\n\t\t\t\t\t\t\t<h3><a href=\"https:\/\/emisoradominicana.net\/television\/telesistema-canal-11\/\">Telesistema Canal 11<\/a><\/h3>\n\t\t\t<div class=\"meta\">\n\t\t\t\t<span class=\"views\"><i class=\"fa fa-eye\"><\/i>870483<\/span>\n\t\t\t<\/div>\n\t\t\t\t\t\t\t\t\t<\/div>\n\t\t\t\t\t\t\t\t\t\t\t\t\t<div class=\"col-sm-4 col-xs-6 item post\">\n\t\t\t\t\t\t\t\t<div class=\"item-img\">\n\t\t\t\t\t\t\t\t\t<a title=\"Certv Canal 4\" href=\"https:\/\/emisoradominicana.net\/television\/certv-canal-4\/\"><img width=\"500\" height=\"281\" src=\"https:\/\/emisoradominicana.net\/television\/wp-content\/uploads\/2015\/06\/certv-4.jpg\" class=\"img-responsive wp-post-image\" alt=\"\" loading=\"lazy\" srcset=\"https:\/\/emisoradominicana.net\/television\/wp-content\/uploads\/2015\/06\/certv-4.jpg 500w, https:\/\/emisoradominicana.net\/television\/wp-content\/uploads\/2015\/06\/certv-4-300x169.jpg 300w\" sizes=\"(max-width: 500px) 100vw, 500px\" \/><\/a>\t\t\t\t\t\t\t\t\t<a href=\"https:\/\/emisoradominicana.net\/television\/certv-canal-4\/\"><div class=\"img-hover\"><\/div><\/a>\n\t\t\t\t\t\t\t\t<\/div>\n\t\t\t\t\t\t\t<h3><a href=\"https:\/\/emisoradominicana.net\/television\/certv-canal-4\/\">Certv Canal 4<\/a><\/h3>\n\t\t\t<div class=\"meta\">\n\t\t\t\t<span class=\"views\"><i class=\"fa fa-eye\"><\/i>642249<\/span>\n\t\t\t<\/div>\n\t\t\t\t\t\t\t\t\t<\/div>\n\t\t\t\t\t\t\t\t\t\t\t<\/div>\n\t\t\t\t\t\t\t\t\n\t\t<\/div> \n\t<\/div> \n<\/div><div class=\"vc_row wpb_row vc_row-fluid\">\n\t<div class=\"vc_col-sm-8 wpb_column vc_column_container\">\n\t\t<div class=\"wpb_wrapper\">\n\t\t\t<div class=\"vc_separator wpb_content_element vc_separator_align_center vc_el_width_100 vc_sep_color_grey\">\n\t<span class=\"vc_sep_holder vc_sep_holder_l\"><span class=\"vc_sep_line\"><\/span><\/span>\n\t<h4>Nacionales<\/h4>\t<span class=\"vc_sep_holder vc_sep_holder_r\"><span class=\"vc_sep_line\"><\/span><\/span>\n<\/div>\n\n\t\t\t\t\t<div class=\"row columns-6 video-section meta-maxwidth-230 \"> \n\t\t\t\t\t\t\t\t\t\t\t\t\t<div class=\"col-sm-2 col-xs-6 item post\">\n\t\t\t\t\t\t\t\t<div class=\"item-img\">\n\t\t\t\t\t\t\t\t\t<a title=\"Color Vision Canal 9\" href=\"https:\/\/emisoradominicana.net\/television\/color-vision-canal-9\/\"><img width=\"360\" height=\"240\" src=\"https:\/\/emisoradominicana.net\/television\/wp-content\/uploads\/2015\/04\/color-vision-9-360x240.jpg\" class=\"img-responsive wp-post-image\" alt=\"\" loading=\"lazy\" srcset=\"https:\/\/emisoradominicana.net\/television\/wp-content\/uploads\/2015\/04\/color-vision-9-360x240.jpg 360w, https:\/\/emisoradominicana.net\/television\/wp-content\/uploads\/2015\/04\/color-vision-9-295x197.jpg 295w\" sizes=\"(max-width: 360px) 100vw, 360px\" \/><\/a>\t\t\t\t\t\t\t\t\t<a href=\"https:\/\/emisoradominicana.net\/television\/color-vision-canal-9\/\"><div class=\"img-hover\"><\/div><\/a>\n\t\t\t\t\t\t\t\t<\/div>\n\t\t\t\t\t\t\t<h3><a href=\"https:\/\/emisoradominicana.net\/television\/color-vision-canal-9\/\">Color Vision Canal 9<\/a><\/h3>\n\t\t\t<div class=\"meta\">\n\t\t\t\t<span class=\"views\"><i class=\"fa fa-eye\"><\/i>1990483<\/span>\n\t\t\t<\/div>\n\t\t\t\t\t\t\t\t\t<\/div>\n\t\t\t\t\t\t\t\t\t\t\t\t\t<div class=\"col-sm-2 col-xs-6 item post\">\n\t\t\t\t\t\t\t\t<div class=\"item-img\">\n\t\t\t\t\t\t\t\t\t<a title=\"Telesistema Canal 11\" href=\"https:\/\/emisoradominicana.net\/television\/telesistema-canal-11\/\"><img width=\"360\" height=\"240\" src=\"https:\/\/emisoradominicana.net\/television\/wp-content\/uploads\/2015\/04\/telesistema-canal11-360x240.jpg\" class=\"img-responsive wp-post-image\" alt=\"\" loading=\"lazy\" srcset=\"https:\/\/emisoradominicana.net\/television\/wp-content\/uploads\/2015\/04\/telesistema-canal11-360x240.jpg 360w, https:\/\/emisoradominicana.net\/television\/wp-content\/uploads\/2015\/04\/telesistema-canal11-295x197.jpg 295w\" sizes=\"(max-width: 360px) 100vw, 360px\" \/><\/a>\t\t\t\t\t\t\t\t\t<a href=\"https:\/\/emisoradominicana.net\/television\/telesistema-canal-11\/\"><div class=\"img-hover\"><\/div><\/a>\n\t\t\t\t\t\t\t\t<\/div>\n\t\t\t\t\t\t\t<h3><a href=\"https:\/\/emisoradominicana.net\/television\/telesistema-canal-11\/\">Telesistema Canal 11<\/a><\/h3>\n\t\t\t<div class=\"meta\">\n\t\t\t\t<span class=\"views\"><i class=\"fa fa-eye\"><\/i>870483<\/span>\n\t\t\t<\/div>\n\t\t\t\t\t\t\t\t\t<\/div>\n\t\t\t\t\t\t\t\t\t\t\t\t\t<div class=\"col-sm-2 col-xs-6 item post\">\n\t\t\t\t\t\t\t\t<div class=\"item-img\">\n\t\t\t\t\t\t\t\t\t<a title=\"Certv Canal 4\" href=\"https:\/\/emisoradominicana.net\/television\/certv-canal-4\/\"><img width=\"360\" height=\"240\" src=\"https:\/\/emisoradominicana.net\/television\/wp-content\/uploads\/2015\/06\/certv-4-360x240.jpg\" class=\"img-responsive wp-post-image\" alt=\"\" loading=\"lazy\" srcset=\"https:\/\/emisoradominicana.net\/television\/wp-content\/uploads\/2015\/06\/certv-4-360x240.jpg 360w, https:\/\/emisoradominicana.net\/television\/wp-content\/uploads\/2015\/06\/certv-4-295x197.jpg 295w\" sizes=\"(max-width: 360px) 100vw, 360px\" \/><\/a>\t\t\t\t\t\t\t\t\t<a href=\"https:\/\/emisoradominicana.net\/television\/certv-canal-4\/\"><div class=\"img-hover\"><\/div><\/a>\n\t\t\t\t\t\t\t\t<\/div>\n\t\t\t\t\t\t\t<h3><a href=\"https:\/\/emisoradominicana.net\/television\/certv-canal-4\/\">Certv Canal 4<\/a><\/h3>\n\t\t\t<div class=\"meta\">\n\t\t\t\t<span class=\"views\"><i class=\"fa fa-eye\"><\/i>642249<\/span>\n\t\t\t<\/div>\n\t\t\t\t\t\t\t\t\t<\/div>\n\t\t\t\t\t\t\t\t\t\t\t\t\t<div class=\"col-sm-2 col-xs-6 item post\">\n\t\t\t\t\t\t\t\t<div class=\"item-img\">\n\t\t\t\t\t\t\t\t\t<a title=\"Teleantillas Canal 2\" href=\"https:\/\/emisoradominicana.net\/television\/teleantillas-canal-2\/\"><img width=\"360\" height=\"240\" src=\"https:\/\/emisoradominicana.net\/television\/wp-content\/uploads\/2015\/04\/teleantillas-canal2-360x240.jpg\" class=\"img-responsive wp-post-image\" alt=\"\" loading=\"lazy\" srcset=\"https:\/\/emisoradominicana.net\/television\/wp-content\/uploads\/2015\/04\/teleantillas-canal2-360x240.jpg 360w, https:\/\/emisoradominicana.net\/television\/wp-content\/uploads\/2015\/04\/teleantillas-canal2-295x197.jpg 295w\" sizes=\"(max-width: 360px) 100vw, 360px\" \/><\/a>\t\t\t\t\t\t\t\t\t<a href=\"https:\/\/emisoradominicana.net\/television\/teleantillas-canal-2\/\"><div class=\"img-hover\"><\/div><\/a>\n\t\t\t\t\t\t\t\t<\/div>\n\t\t\t\t\t\t\t<h3><a href=\"https:\/\/emisoradominicana.net\/television\/teleantillas-canal-2\/\">Teleantillas Canal 2<\/a><\/h3>\n\t\t\t<div class=\"meta\">\n\t\t\t\t<span class=\"views\"><i class=\"fa fa-eye\"><\/i>465703<\/span>\n\t\t\t<\/div>\n\t\t\t\t\t\t\t\t\t<\/div>\n\t\t\t\t\t\t\t\t\t\t\t\t\t<div class=\"col-sm-2 col-xs-6 item post\">\n\t\t\t\t\t\t\t\t<div class=\"item-img\">\n\t\t\t\t\t\t\t\t\t<a title=\"Teleuniverso Canal 29\" href=\"https:\/\/emisoradominicana.net\/television\/teleuniverso-canal-29\/\"><img width=\"360\" height=\"240\" src=\"https:\/\/emisoradominicana.net\/television\/wp-content\/uploads\/2015\/06\/teleuniverso-360x240.jpg\" class=\"img-responsive wp-post-image\" alt=\"\" loading=\"lazy\" srcset=\"https:\/\/emisoradominicana.net\/television\/wp-content\/uploads\/2015\/06\/teleuniverso-360x240.jpg 360w, https:\/\/emisoradominicana.net\/television\/wp-content\/uploads\/2015\/06\/teleuniverso-295x197.jpg 295w\" sizes=\"(max-width: 360px) 100vw, 360px\" \/><\/a>\t\t\t\t\t\t\t\t\t<a href=\"https:\/\/emisoradominicana.net\/television\/teleuniverso-canal-29\/\"><div class=\"img-hover\"><\/div><\/a>\n\t\t\t\t\t\t\t\t<\/div>\n\t\t\t\t\t\t\t<h3><a href=\"https:\/\/emisoradominicana.net\/television\/teleuniverso-canal-29\/\">Teleuniverso Canal 29<\/a><\/h3>\n\t\t\t<div class=\"meta\">\n\t\t\t\t<span class=\"views\"><i class=\"fa fa-eye\"><\/i>373118<\/span>\n\t\t\t<\/div>\n\t\t\t\t\t\t\t\t\t<\/div>\n\t\t\t\t\t\t\t\t\t\t\t\t\t<div class=\"col-sm-2 col-xs-6 item post\">\n\t\t\t\t\t\t\t\t<div class=\"item-img\">\n\t\t\t\t\t\t\t\t\t<a title=\"Antena Latina Canal 7\" href=\"https:\/\/emisoradominicana.net\/television\/antena-latina-canal-7\/\"><img width=\"360\" height=\"240\" src=\"https:\/\/emisoradominicana.net\/television\/wp-content\/uploads\/2014\/09\/antena-latina-640x360-360x240.jpg\" class=\"img-responsive wp-post-image\" alt=\"\" loading=\"lazy\" srcset=\"https:\/\/emisoradominicana.net\/television\/wp-content\/uploads\/2014\/09\/antena-latina-640x360-360x240.jpg 360w, https:\/\/emisoradominicana.net\/television\/wp-content\/uploads\/2014\/09\/antena-latina-640x360-295x197.jpg 295w\" sizes=\"(max-width: 360px) 100vw, 360px\" \/><\/a>\t\t\t\t\t\t\t\t\t<a href=\"https:\/\/emisoradominicana.net\/television\/antena-latina-canal-7\/\"><div class=\"img-hover\"><\/div><\/a>\n\t\t\t\t\t\t\t\t<\/div>\n\t\t\t\t\t\t\t<h3><a href=\"https:\/\/emisoradominicana.net\/television\/antena-latina-canal-7\/\">Antena Latina Canal 7<\/a><\/h3>\n\t\t\t<div class=\"meta\">\n\t\t\t\t<span class=\"views\"><i class=\"fa fa-eye\"><\/i>330011<\/span>\n\t\t\t<\/div>\n\t\t\t\t\t\t\t\t\t<\/div>\n\t\t\t\t\t\t\t\t\t\t\t\t\t<div class=\"col-sm-2 col-xs-6 item post\">\n\t\t\t\t\t\t\t\t<div class=\"item-img\">\n\t\t\t\t\t\t\t\t\t<a title=\"Teleradio America Canal 45\" href=\"https:\/\/emisoradominicana.net\/television\/teleradio-america-canal-45\/\"><img width=\"360\" height=\"240\" src=\"https:\/\/emisoradominicana.net\/television\/wp-content\/uploads\/2015\/06\/TRa-360x240.jpg\" class=\"img-responsive wp-post-image\" alt=\"\" loading=\"lazy\" srcset=\"https:\/\/emisoradominicana.net\/television\/wp-content\/uploads\/2015\/06\/TRa-360x240.jpg 360w, https:\/\/emisoradominicana.net\/television\/wp-content\/uploads\/2015\/06\/TRa-295x197.jpg 295w\" sizes=\"(max-width: 360px) 100vw, 360px\" \/><\/a>\t\t\t\t\t\t\t\t\t<a href=\"https:\/\/emisoradominicana.net\/television\/teleradio-america-canal-45\/\"><div class=\"img-hover\"><\/div><\/a>\n\t\t\t\t\t\t\t\t<\/div>\n\t\t\t\t\t\t\t<h3><a href=\"https:\/\/emisoradominicana.net\/television\/teleradio-america-canal-45\/\">Teleradio America Canal 45<\/a><\/h3>\n\t\t\t<div class=\"meta\">\n\t\t\t\t<span class=\"views\"><i class=\"fa fa-eye\"><\/i>247585<\/span>\n\t\t\t<\/div>\n\t\t\t\t\t\t\t\t\t<\/div>\n\t\t\t\t\t\t\t\t\t\t\t\t\t<div class=\"col-sm-2 col-xs-6 item post\">\n\t\t\t\t\t\t\t\t<div class=\"item-img\">\n\t\t\t\t\t\t\t\t\t<a title=\"RNN Canal 27\" href=\"https:\/\/emisoradominicana.net\/television\/rnn-canal-27\/\"><img width=\"360\" height=\"240\" src=\"https:\/\/emisoradominicana.net\/television\/wp-content\/uploads\/2015\/07\/rnn-27-360x240.jpg\" class=\"img-responsive wp-post-image\" alt=\"\" loading=\"lazy\" srcset=\"https:\/\/emisoradominicana.net\/television\/wp-content\/uploads\/2015\/07\/rnn-27-360x240.jpg 360w, https:\/\/emisoradominicana.net\/television\/wp-content\/uploads\/2015\/07\/rnn-27-295x197.jpg 295w\" sizes=\"(max-width: 360px) 100vw, 360px\" \/><\/a>\t\t\t\t\t\t\t\t\t<a href=\"https:\/\/emisoradominicana.net\/television\/rnn-canal-27\/\"><div class=\"img-hover\"><\/div><\/a>\n\t\t\t\t\t\t\t\t<\/div>\n\t\t\t\t\t\t\t<h3><a href=\"https:\/\/emisoradominicana.net\/television\/rnn-canal-27\/\">RNN Canal 27<\/a><\/h3>\n\t\t\t<div class=\"meta\">\n\t\t\t\t<span class=\"views\"><i class=\"fa fa-eye\"><\/i>151802<\/span>\n\t\t\t<\/div>\n\t\t\t\t\t\t\t\t\t<\/div>\n\t\t\t\t\t\t\t\t\t\t\t\t\t<div class=\"col-sm-2 col-xs-6 item post\">\n\t\t\t\t\t\t\t\t<div class=\"item-img\">\n\t\t\t\t\t\t\t\t\t<a title=\"Cinevision Canal 19\" href=\"https:\/\/emisoradominicana.net\/television\/cinevision-canal-19\/\"><img width=\"360\" height=\"240\" src=\"https:\/\/emisoradominicana.net\/television\/wp-content\/uploads\/2015\/06\/Cinevision-360x240.jpg\" class=\"img-responsive wp-post-image\" alt=\"\" loading=\"lazy\" srcset=\"https:\/\/emisoradominicana.net\/television\/wp-content\/uploads\/2015\/06\/Cinevision-360x240.jpg 360w, https:\/\/emisoradominicana.net\/television\/wp-content\/uploads\/2015\/06\/Cinevision-295x197.jpg 295w\" sizes=\"(max-width: 360px) 100vw, 360px\" \/><\/a>\t\t\t\t\t\t\t\t\t<a href=\"https:\/\/emisoradominicana.net\/television\/cinevision-canal-19\/\"><div class=\"img-hover\"><\/div><\/a>\n\t\t\t\t\t\t\t\t<\/div>\n\t\t\t\t\t\t\t<h3><a href=\"https:\/\/emisoradominicana.net\/television\/cinevision-canal-19\/\">Cinevision Canal 19<\/a><\/h3>\n\t\t\t<div class=\"meta\">\n\t\t\t\t<span class=\"views\"><i class=\"fa fa-eye\"><\/i>141787<\/span>\n\t\t\t<\/div>\n\t\t\t\t\t\t\t\t\t<\/div>\n\t\t\t\t\t\t\t\t\t\t\t\t\t<div class=\"col-sm-2 col-xs-6 item post\">\n\t\t\t\t\t\t\t\t<div class=\"item-img\">\n\t\t\t\t\t\t\t\t\t<a title=\"Telemedios Canal 25\" href=\"https:\/\/emisoradominicana.net\/television\/telemedios-canal-25\/\"><img width=\"360\" height=\"240\" src=\"https:\/\/emisoradominicana.net\/television\/wp-content\/uploads\/2015\/06\/canal-25-360x240.jpg\" class=\"img-responsive wp-post-image\" alt=\"\" loading=\"lazy\" srcset=\"https:\/\/emisoradominicana.net\/television\/wp-content\/uploads\/2015\/06\/canal-25-360x240.jpg 360w, https:\/\/emisoradominicana.net\/television\/wp-content\/uploads\/2015\/06\/canal-25-295x197.jpg 295w\" sizes=\"(max-width: 360px) 100vw, 360px\" \/><\/a>\t\t\t\t\t\t\t\t\t<a href=\"https:\/\/emisoradominicana.net\/television\/telemedios-canal-25\/\"><div class=\"img-hover\"><\/div><\/a>\n\t\t\t\t\t\t\t\t<\/div>\n\t\t\t\t\t\t\t<h3><a href=\"https:\/\/emisoradominicana.net\/television\/telemedios-canal-25\/\">Telemedios Canal 25<\/a><\/h3>\n\t\t\t<div class=\"meta\">\n\t\t\t\t<span class=\"views\"><i class=\"fa fa-eye\"><\/i>102204<\/span>\n\t\t\t<\/div>\n\t\t\t\t\t\t\t\t\t<\/div>\n\t\t\t\t\t\t\t\t\t\t\t<\/div>\n\t\t\t\t\t\t\t\t\n\t\t<\/div> \n\t<\/div> \n\n\t<div class=\"vc_col-sm-4 wpb_column vc_column_container\">\n\t\t<div class=\"wpb_wrapper\">\n\t\t\t<div class=\"vc_separator wpb_content_element vc_el_width_100 vc_sep_color_grey\">\n\t<span class=\"vc_sep_holder vc_sep_holder_l\"><span class=\"vc_sep_line\"><\/span><\/span>\n\t\t<span class=\"vc_sep_holder vc_sep_holder_r\"><span class=\"vc_sep_line\"><\/span><\/span>\n<\/div>\n\n\n\t<div class=\"wpb_raw_code wpb_content_element wpb_raw_html\">\n\t\t<div class=\"wpb_wrapper\">\n\t\t\t<script async src=\"\/\/pagead2.googlesyndication.com\/pagead\/js\/adsbygoogle.js\"><\/script>\n<!-- Edo-TV-INI-DN -->\n<ins class=\"adsbygoogle\"\n     style=\"display:block\"\n     data-ad-client=\"ca-pub-3774394899187736\"\n     data-ad-slot=\"4634022209\"\n     data-ad-format=\"auto\"><\/ins>\n<script>\n(adsbygoogle = window.adsbygoogle || []).push({});\n<\/script>\n\t\t<\/div> \n\t<\/div> <div class=\"vc_separator wpb_content_element vc_el_width_100 vc_sep_color_grey\">\n\t<span class=\"vc_sep_holder vc_sep_holder_l\"><span class=\"vc_sep_line\"><\/span><\/span>\n\t\t<span class=\"vc_sep_holder vc_sep_holder_r\"><span class=\"vc_sep_line\"><\/span><\/span>\n<\/div>\n\n\n\t\t<\/div> \n\t<\/div> \n<\/div>\n","protected":false},"excerpt":{"rendered":"Nombre: Telemedios\u00a0Canal 25 Ubicaci\u00f3n: Santiago Tel\u00e9fono: 809-583-2525 P\u00e1gina Web: http:\/\/canal25rd.com Canal\u00a025 est\u00e1 asignada por el Estado Dominicano a la empresa Telemedios Dominicana, S. A., iniciando sus operaciones el\u00a0 11 de Enero del a\u00f1o 1999, por gestiones del empresario santiagu\u00e9s J. Armando Berm\u00fadez P. (Don Poppy), quien es el pionero en la industria de la televisi\u00f3n [...]","protected":false},"author":1,"featured_media":0,"parent":0,"menu_order":0,"comment_status":"open","ping_status":"open","template":"tpl-page-builder.php","meta":[],"yoast_head":"<!-- This site is optimized with the Yoast SEO plugin v15.2.1 - https:\/\/yoast.com\/wordpress\/plugins\/seo\/ -->\n<title>Nacionales - Canales Dominicanos En Vivo Online<\/title>\n<meta name=\"description\" content=\"Disfruta de todos los Canales Dominicanos En Vivo Online las 24 horas desde tu computadora, ipad, iphone o android sin necesidad de plugins adicionales.\" \/>\n<meta name=\"robots\" content=\"index, follow, max-snippet:-1, max-image-preview:large, max-video-preview:-1\" \/>\n<link rel=\"canonical\" href=\"https:\/\/emisoradominicana.net\/television\/nacionales\/\" \/>\n<meta property=\"og:locale\" content=\"es_ES\" \/>\n<meta property=\"og:type\" content=\"article\" \/>\n<meta property=\"og:title\" content=\"Nacionales - Canales Dominicanos En Vivo Online\" \/>\n<meta property=\"og:description\" content=\"Disfruta de todos los Canales Dominicanos En Vivo Online las 24 horas desde tu computadora, ipad, iphone o android sin necesidad de plugins adicionales.\" \/>\n<meta property=\"og:url\" content=\"https:\/\/emisoradominicana.net\/television\/nacionales\/\" \/>\n<meta property=\"og:site_name\" content=\"Canales Dominicanos En Vivo Online\" \/>\n<meta property=\"article:modified_time\" content=\"2015-08-26T23:47:54+00:00\" \/>\n<meta name=\"twitter:label1\" content=\"Escrito por\">\n\t<meta name=\"twitter:data1\" content=\"radiosdominicanas\">\n\t<meta name=\"twitter:label2\" content=\"Tiempo de lectura\">\n\t<meta name=\"twitter:data2\" content=\"1 minuto\">\n<script type=\"application\/ld+json\" class=\"yoast-schema-graph\">{\"@context\":\"https:\/\/schema.org\",\"@graph\":[{\"@type\":\"WebSite\",\"@id\":\"https:\/\/emisoradominicana.net\/television\/#website\",\"url\":\"https:\/\/emisoradominicana.net\/television\/\",\"name\":\"Canales Dominicanos En Vivo Online\",\"description\":\"Disfruta de todos los Canales Dominicanos En Vivo Online las 24 horas desde tu computadora, ipad, iphone o android sin necesidad de plugins adicionales.\",\"potentialAction\":[{\"@type\":\"SearchAction\",\"target\":\"https:\/\/emisoradominicana.net\/television\/?s={search_term_string}\",\"query-input\":\"required name=search_term_string\"}],\"inLanguage\":\"es\"},{\"@type\":\"WebPage\",\"@id\":\"https:\/\/emisoradominicana.net\/television\/nacionales\/#webpage\",\"url\":\"https:\/\/emisoradominicana.net\/television\/nacionales\/\",\"name\":\"Nacionales - Canales Dominicanos En Vivo Online\",\"isPartOf\":{\"@id\":\"https:\/\/emisoradominicana.net\/television\/#website\"},\"datePublished\":\"2015-04-17T19:36:32+00:00\",\"dateModified\":\"2015-08-26T23:47:54+00:00\",\"description\":\"Disfruta de todos los Canales Dominicanos En Vivo Online las 24 horas desde tu computadora, ipad, iphone o android sin necesidad de plugins adicionales.\",\"inLanguage\":\"es\",\"potentialAction\":[{\"@type\":\"ReadAction\",\"target\":[\"https:\/\/emisoradominicana.net\/television\/nacionales\/\"]}]}]}<\/script>\n<!-- \/ Yoast SEO plugin. -->","_links":{"self":[{"href":"https:\/\/emisoradominicana.net\/television\/wp-json\/wp\/v2\/pages\/2329"}],"collection":[{"href":"https:\/\/emisoradominicana.net\/television\/wp-json\/wp\/v2\/pages"}],"about":[{"href":"https:\/\/emisoradominicana.net\/television\/wp-json\/wp\/v2\/types\/page"}],"author":[{"embeddable":true,"href":"https:\/\/emisoradominicana.net\/television\/wp-json\/wp\/v2\/users\/1"}],"replies":[{"embeddable":true,"href":"https:\/\/emisoradominicana.net\/television\/wp-json\/wp\/v2\/comments?post=2329"}],"version-history":[{"count":15,"href":"https:\/\/emisoradominicana.net\/television\/wp-json\/wp\/v2\/pages\/2329\/revisions"}],"predecessor-version":[{"id":2543,"href":"https:\/\/emisoradominicana.net\/television\/wp-json\/wp\/v2\/pages\/2329\/revisions\/2543"}],"wp:attachment":[{"href":"https:\/\/emisoradominicana.net\/television\/wp-json\/wp\/v2\/media?parent=2329"}],"curies":[{"name":"wp","href":"https:\/\/api.w.org\/{rel}","templated":true}]}}